{"id":856,"date":"2025-04-24T15:29:02","date_gmt":"2025-04-24T13:29:02","guid":{"rendered":"https:\/\/www.wegotogetherevents.com\/?page_id=856"},"modified":"2025-05-08T17:04:10","modified_gmt":"2025-05-08T15:04:10","slug":"journee-a-londres","status":"publish","type":"page","link":"https:\/\/www.wegotogetherevents.com\/?page_id=856","title":{"rendered":"Journ\u00e9e \u00e0 Londres"},"content":{"rendered":"\n<p>the west end&#8217;s calling Glisse-toi dans la peau des plus<br>grands noms de la com\u00e9die musicale En format de 2 ou 3 heures, viens chanter, interpr\u00e9ter et danser<br>sur les plus grandes com\u00e9dies musicales.<\/p>\n","protected":false},"excerpt":{"rendered":"<p>the west end&#8217;s calling Glisse-toi dans la peau des plusgrands noms de la com\u00e9die musicale En format de 2 ou 3 heures, viens chanter, interpr\u00e9ter et dansersur les plus grandes com\u00e9dies musicales.<\/p>\n","protected":false},"author":1,"featured_media":0,"parent":0,"menu_order":0,"comment_status":"closed","ping_status":"closed","template":"","meta":{"saved_in_kubio":false,"_glsr_average":0,"_glsr_ranking":0,"_glsr_reviews":0,"footnotes":""},"class_list":["post-856","page","type-page","status-publish","hentry"],"kubio_ai_page_context":{"short_desc":"","purpose":"general"},"jetpack_sharing_enabled":true,"_links":{"self":[{"href":"https:\/\/www.wegotogetherevents.com\/index.php?rest_route=\/wp\/v2\/pages\/856","targetHints":{"allow":["GET"]}}],"collection":[{"href":"https:\/\/www.wegotogetherevents.com\/index.php?rest_route=\/wp\/v2\/pages"}],"about":[{"href":"https:\/\/www.wegotogetherevents.com\/index.php?rest_route=\/wp\/v2\/types\/page"}],"author":[{"embeddable":true,"href":"https:\/\/www.wegotogetherevents.com\/index.php?rest_route=\/wp\/v2\/users\/1"}],"replies":[{"embeddable":true,"href":"https:\/\/www.wegotogetherevents.com\/index.php?rest_route=%2Fwp%2Fv2%2Fcomments&post=856"}],"version-history":[{"count":1,"href":"https:\/\/www.wegotogetherevents.com\/index.php?rest_route=\/wp\/v2\/pages\/856\/revisions"}],"predecessor-version":[{"id":857,"href":"https:\/\/www.wegotogetherevents.com\/index.php?rest_route=\/wp\/v2\/pages\/856\/revisions\/857"}],"wp:attachment":[{"href":"https:\/\/www.wegotogetherevents.com\/index.php?rest_route=%2Fwp%2Fv2%2Fmedia&parent=856"}],"curies":[{"name":"wp","href":"https:\/\/api.w.org\/{rel}","templated":true}]}}